{"id":74,"date":"2022-10-24T10:20:16","date_gmt":"2022-10-24T08:20:16","guid":{"rendered":"https:\/\/maisonemiliaporee.mvt.li\/?page_id=74"},"modified":"2022-11-29T14:43:01","modified_gmt":"2022-11-29T13:43:01","slug":"mes-references","status":"publish","type":"page","link":"https:\/\/maisonemiliaporee.mvt.li\/?page_id=74","title":{"rendered":"Retrouver son identit\u00e9 dans un lieu d&rsquo;harmonie"},"content":{"rendered":"<p>\u00c0 travers mes cr\u00e9ations, je cherche \u00e0 transmettre noblesse, \u00e9l\u00e9gance et excellence. Ma mission est de cr\u00e9er des espaces hors du temps et intemporels tout en valorisant votre art de vivre originel. Je souhaite toucher du doigt le r\u00f4le de cheffe d&rsquo;orchestre, mettant en sc\u00e8ne les artisans qui m&rsquo;accompagnent dans mes projets.<\/p>\n","protected":false},"excerpt":{"rendered":"<p>\u00c0 travers mes cr\u00e9ations, je cherche \u00e0 transmettre noblesse, \u00e9l\u00e9gance et excellence. Ma mission est de cr\u00e9er des espaces hors du temps et intemporels tout en valorisant votre art de vivre originel. Je souhaite toucher du doigt le r\u00f4le de cheffe d&rsquo;orchestre, mettant en sc\u00e8ne les artisans qui m&rsquo;accompagnent dans mes projets.<\/p>\n","protected":false},"author":1,"featured_media":0,"parent":0,"menu_order":0,"comment_status":"closed","ping_status":"closed","template":"references.php","meta":{"footnotes":""},"acf":[],"_links":{"self":[{"href":"https:\/\/maisonemiliaporee.mvt.li\/index.php?rest_route=\/wp\/v2\/pages\/74"}],"collection":[{"href":"https:\/\/maisonemiliaporee.mvt.li\/index.php?rest_route=\/wp\/v2\/pages"}],"about":[{"href":"https:\/\/maisonemiliaporee.mvt.li\/index.php?rest_route=\/wp\/v2\/types\/page"}],"author":[{"embeddable":true,"href":"https:\/\/maisonemiliaporee.mvt.li\/index.php?rest_route=\/wp\/v2\/users\/1"}],"replies":[{"embeddable":true,"href":"https:\/\/maisonemiliaporee.mvt.li\/index.php?rest_route=%2Fwp%2Fv2%2Fcomments&post=74"}],"version-history":[{"count":10,"href":"https:\/\/maisonemiliaporee.mvt.li\/index.php?rest_route=\/wp\/v2\/pages\/74\/revisions"}],"predecessor-version":[{"id":435,"href":"https:\/\/maisonemiliaporee.mvt.li\/index.php?rest_route=\/wp\/v2\/pages\/74\/revisions\/435"}],"wp:attachment":[{"href":"https:\/\/maisonemiliaporee.mvt.li\/index.php?rest_route=%2Fwp%2Fv2%2Fmedia&parent=74"}],"curies":[{"name":"wp","href":"https:\/\/api.w.org\/{rel}","templated":true}]}}