{"id":24,"date":"2022-09-29T10:14:04","date_gmt":"2022-09-29T08:14:04","guid":{"rendered":"https:\/\/maisonemiliaporee.mvt.li\/?page_id=24"},"modified":"2022-11-29T16:15:10","modified_gmt":"2022-11-29T15:15:10","slug":"temoignages","status":"publish","type":"page","link":"https:\/\/maisonemiliaporee.mvt.li\/?page_id=24","title":{"rendered":"Les t\u00e9moignages"},"content":{"rendered":"<p>Ma cr\u00e9ativit\u00e9 et mon experience est au service de mes clients et, sans perdre l\u2019essence de mon identit\u00e9, je dois \u00eatre capable de faire des espaces qui soient 100% taill\u00e9s \u00e0 leur mesure. J&rsquo;aspire \u00e0 b\u00e2tir une relation solide avec mes clients, reposant sur la confiance, l&rsquo;engagement et l&rsquo;int\u00e9grit\u00e9.<\/p>\n","protected":false},"excerpt":{"rendered":"<p>Ma cr\u00e9ativit\u00e9 et mon experience est au service de mes clients et, sans perdre l\u2019essence de mon identit\u00e9, je dois \u00eatre capable de faire des espaces qui soient 100% taill\u00e9s \u00e0 leur mesure. J&rsquo;aspire \u00e0 b\u00e2tir une relation solide avec mes clients, reposant sur la confiance, l&rsquo;engagement et l&rsquo;int\u00e9grit\u00e9.<\/p>\n","protected":false},"author":1,"featured_media":242,"parent":0,"menu_order":0,"comment_status":"closed","ping_status":"closed","template":"temoignages.php","meta":{"footnotes":""},"acf":[],"_links":{"self":[{"href":"https:\/\/maisonemiliaporee.mvt.li\/index.php?rest_route=\/wp\/v2\/pages\/24"}],"collection":[{"href":"https:\/\/maisonemiliaporee.mvt.li\/index.php?rest_route=\/wp\/v2\/pages"}],"about":[{"href":"https:\/\/maisonemiliaporee.mvt.li\/index.php?rest_route=\/wp\/v2\/types\/page"}],"author":[{"embeddable":true,"href":"https:\/\/maisonemiliaporee.mvt.li\/index.php?rest_route=\/wp\/v2\/users\/1"}],"replies":[{"embeddable":true,"href":"https:\/\/maisonemiliaporee.mvt.li\/index.php?rest_route=%2Fwp%2Fv2%2Fcomments&post=24"}],"version-history":[{"count":8,"href":"https:\/\/maisonemiliaporee.mvt.li\/index.php?rest_route=\/wp\/v2\/pages\/24\/revisions"}],"predecessor-version":[{"id":466,"href":"https:\/\/maisonemiliaporee.mvt.li\/index.php?rest_route=\/wp\/v2\/pages\/24\/revisions\/466"}],"wp:featuredmedia":[{"embeddable":true,"href":"https:\/\/maisonemiliaporee.mvt.li\/index.php?rest_route=\/wp\/v2\/media\/242"}],"wp:attachment":[{"href":"https:\/\/maisonemiliaporee.mvt.li\/index.php?rest_route=%2Fwp%2Fv2%2Fmedia&parent=24"}],"curies":[{"name":"wp","href":"https:\/\/api.w.org\/{rel}","templated":true}]}}