{"id":20,"date":"2022-09-29T10:13:30","date_gmt":"2022-09-29T08:13:30","guid":{"rendered":"https:\/\/maisonemiliaporee.mvt.li\/?page_id=20"},"modified":"2022-11-16T15:09:17","modified_gmt":"2022-11-16T14:09:17","slug":"contact","status":"publish","type":"page","link":"https:\/\/maisonemiliaporee.mvt.li\/?page_id=20","title":{"rendered":"Contactez-moi"},"content":{"rendered":"<p>Bas\u00e9e en r\u00e9gion Sud Provence-Alpes-C\u00f4te d\u2019Azur, je suis mobile pour tous projets nationaux et internationaux.<\/p>\n","protected":false},"excerpt":{"rendered":"<p>Bas\u00e9e en r\u00e9gion Sud Provence-Alpes-C\u00f4te d\u2019Azur, je suis mobile pour tous projets nationaux et internationaux.<\/p>\n","protected":false},"author":1,"featured_media":0,"parent":0,"menu_order":0,"comment_status":"closed","ping_status":"closed","template":"contact.php","meta":{"footnotes":""},"acf":[],"_links":{"self":[{"href":"https:\/\/maisonemiliaporee.mvt.li\/index.php?rest_route=\/wp\/v2\/pages\/20"}],"collection":[{"href":"https:\/\/maisonemiliaporee.mvt.li\/index.php?rest_route=\/wp\/v2\/pages"}],"about":[{"href":"https:\/\/maisonemiliaporee.mvt.li\/index.php?rest_route=\/wp\/v2\/types\/page"}],"author":[{"embeddable":true,"href":"https:\/\/maisonemiliaporee.mvt.li\/index.php?rest_route=\/wp\/v2\/users\/1"}],"replies":[{"embeddable":true,"href":"https:\/\/maisonemiliaporee.mvt.li\/index.php?rest_route=%2Fwp%2Fv2%2Fcomments&post=20"}],"version-history":[{"count":4,"href":"https:\/\/maisonemiliaporee.mvt.li\/index.php?rest_route=\/wp\/v2\/pages\/20\/revisions"}],"predecessor-version":[{"id":285,"href":"https:\/\/maisonemiliaporee.mvt.li\/index.php?rest_route=\/wp\/v2\/pages\/20\/revisions\/285"}],"wp:attachment":[{"href":"https:\/\/maisonemiliaporee.mvt.li\/index.php?rest_route=%2Fwp%2Fv2%2Fmedia&parent=20"}],"curies":[{"name":"wp","href":"https:\/\/api.w.org\/{rel}","templated":true}]}}